{"id":25,"date":"2018-11-28T20:14:44","date_gmt":"2018-11-28T19:14:44","guid":{"rendered":"https:\/\/lqs.fr\/?page_id=25"},"modified":"2025-04-08T08:23:06","modified_gmt":"2025-04-08T06:23:06","slug":"nos-services","status":"publish","type":"page","link":"https:\/\/lqs.fr\/nos-services\/","title":{"rendered":"Nos Services"},"content":{"rendered":"\t\t<div data-elementor-type=\"wp-post\" data-elementor-id=\"25\" class=\"elementor elementor-25\" data-elementor-post-type=\"page\">\n\t\t\t\t\t\t<section class=\"elementor-section elementor-top-section elementor-element elementor-element-681b3e2 elementor-section-boxed elementor-section-height-default elementor-section-height-default\" data-id=\"681b3e2\" data-element_type=\"section\">\n\t\t\t\t\t\t<div class=\"elementor-container elementor-column-gap-default\">\n\t\t\t\t\t<div class=\"elementor-column elementor-col-100 elementor-top-column elementor-element elementor-element-560086e\" data-id=\"560086e\" data-element_type=\"column\">\n\t\t\t<div class=\"elementor-widget-wrap elementor-element-populated\">\n\t\t\t\t\t\t<div class=\"elementor-element elementor-element-a2f876b elementor-widget elementor-widget-heading\" data-id=\"a2f876b\" data-element_type=\"widget\" data-widget_type=\"heading.default\">\n\t\t\t\t<div class=\"elementor-widget-container\">\n\t\t\t\t\t<h2 class=\"elementor-heading-title elementor-size-default\">La certification : bien plus qu\u2019un m\u00e9tier, une vocation depuis 20 ans.<\/h2>\t\t\t\t<\/div>\n\t\t\t\t<\/div>\n\t\t\t\t<div class=\"elementor-element elementor-element-11d5906 elementor-widget elementor-widget-text-editor\" data-id=\"11d5906\" data-element_type=\"widget\" data-widget_type=\"text-editor.default\">\n\t\t\t\t<div class=\"elementor-widget-container\">\n\t\t\t\t\t\t\t\t\t<p>Label Qualit\u00e9 Syst\u00e8me certifie les syst\u00e8mes de management en v\u00e9rifiant la conformit\u00e9 \u00e0 la norme europ\u00e9enne ISO 17021.<\/p><p>Au m\u00eame titre que la certification , l\u2019accr\u00e9ditation correspond \u00e0 une d\u00e9marche volontaire que Label Qualit\u00e9 Syst\u00e8me a engag\u00e9e afin de renforcer la reconnaissance de ses certificats tant \u00e0 l\u2019\u00e9chelle nationale qu\u2019internationale.<\/p><p><\/p>\t\t\t\t\t\t\t\t<\/div>\n\t\t\t\t<\/div>\n\t\t\t\t\t<\/div>\n\t\t<\/div>\n\t\t\t\t\t<\/div>\n\t\t<\/section>\n\t\t\t\t<section class=\"elementor-section elementor-top-section elementor-element elementor-element-287a0a4 elementor-section-boxed elementor-section-height-default elementor-section-height-default\" data-id=\"287a0a4\" data-element_type=\"section\" data-settings=\"{&quot;background_background&quot;:&quot;slideshow&quot;,&quot;background_slideshow_gallery&quot;:[],&quot;background_slideshow_loop&quot;:&quot;yes&quot;,&quot;background_slideshow_slide_duration&quot;:5000,&quot;background_slideshow_slide_transition&quot;:&quot;fade&quot;,&quot;background_slideshow_transition_duration&quot;:500}\">\n\t\t\t\t\t\t<div class=\"elementor-container elementor-column-gap-default\">\n\t\t\t\t\t<div class=\"elementor-column elementor-col-100 elementor-top-column elementor-element elementor-element-5f69831\" data-id=\"5f69831\" data-element_type=\"column\">\n\t\t\t<div class=\"elementor-widget-wrap elementor-element-populated\">\n\t\t\t\t\t\t<div class=\"elementor-element elementor-element-795ff21 elementor-posts--thumbnail-none elementor-grid-3 elementor-grid-tablet-2 elementor-grid-mobile-1 elementor-posts__hover-gradient elementor-widget elementor-widget-posts\" data-id=\"795ff21\" data-element_type=\"widget\" data-settings=\"{&quot;cards_columns&quot;:&quot;3&quot;,&quot;cards_columns_tablet&quot;:&quot;2&quot;,&quot;cards_columns_mobile&quot;:&quot;1&quot;,&quot;cards_row_gap&quot;:{&quot;unit&quot;:&quot;px&quot;,&quot;size&quot;:35,&quot;sizes&quot;:[]},&quot;cards_row_gap_tablet&quot;:{&quot;unit&quot;:&quot;px&quot;,&quot;size&quot;:&quot;&quot;,&quot;sizes&quot;:[]},&quot;cards_row_gap_mobile&quot;:{&quot;unit&quot;:&quot;px&quot;,&quot;size&quot;:&quot;&quot;,&quot;sizes&quot;:[]}}\" data-widget_type=\"posts.cards\">\n\t\t\t\t<div class=\"elementor-widget-container\">\n\t\t\t\t\t\t\t<div class=\"elementor-posts-container elementor-posts elementor-posts--skin-cards elementor-grid\">\n\t\t\t\t<article class=\"elementor-post elementor-grid-item post-174 page type-page status-publish hentry entry\">\n\t\t\t<div class=\"elementor-post__card\">\n\t\t\t\t<div class=\"elementor-post__text\">\n\t\t\t\t<h3 class=\"elementor-post__title\">\n\t\t\t<a href=\"https:\/\/lqs.fr\/certification-iso-france\/\" >\n\t\t\t\tCertification ISO\t\t\t<\/a>\n\t\t<\/h3>\n\t\t\n\t\t<a class=\"elementor-post__read-more\" href=\"https:\/\/lqs.fr\/certification-iso-france\/\" aria-label=\"En savoir plus sur Certification ISO\" tabindex=\"-1\" >\n\t\t\tD\u00e9couvrir ce Service \u00bb\t\t<\/a>\n\n\t\t\t\t<\/div>\n\t\t\t\t\t<\/div>\n\t\t<\/article>\n\t\t\t\t<article class=\"elementor-post elementor-grid-item post-176 page type-page status-publish has-post-thumbnail hentry entry has-media\">\n\t\t\t<div class=\"elementor-post__card\">\n\t\t\t\t<div class=\"elementor-post__text\">\n\t\t\t\t<h3 class=\"elementor-post__title\">\n\t\t\t<a href=\"https:\/\/lqs.fr\/certification-iso-internationale\/\" >\n\t\t\t\tLabel Qualit\u00e9 \u00e0 l&rsquo;international\t\t\t<\/a>\n\t\t<\/h3>\n\t\t\n\t\t<a class=\"elementor-post__read-more\" href=\"https:\/\/lqs.fr\/certification-iso-internationale\/\" aria-label=\"En savoir plus sur Label Qualit\u00e9 \u00e0 l&rsquo;international\" tabindex=\"-1\" >\n\t\t\tD\u00e9couvrir ce Service \u00bb\t\t<\/a>\n\n\t\t\t\t<\/div>\n\t\t\t\t\t<\/div>\n\t\t<\/article>\n\t\t\t\t<article class=\"elementor-post elementor-grid-item post-178 page type-page status-publish hentry entry\">\n\t\t\t<div class=\"elementor-post__card\">\n\t\t\t\t<div class=\"elementor-post__text\">\n\t\t\t\t<h3 class=\"elementor-post__title\">\n\t\t\t<a href=\"https:\/\/lqs.fr\/marquage-ce-certification-produits\/\" >\n\t\t\t\tNotre partenaire Label Qualit\u00e9\t\t\t<\/a>\n\t\t<\/h3>\n\t\t\n\t\t<a class=\"elementor-post__read-more\" href=\"https:\/\/lqs.fr\/marquage-ce-certification-produits\/\" aria-label=\"En savoir plus sur Notre partenaire Label Qualit\u00e9\" tabindex=\"-1\" >\n\t\t\tD\u00e9couvrir ce Service \u00bb\t\t<\/a>\n\n\t\t\t\t<\/div>\n\t\t\t\t\t<\/div>\n\t\t<\/article>\n\t\t\t\t<\/div>\n\t\t\n\t\t\t\t\t\t<\/div>\n\t\t\t\t<\/div>\n\t\t\t\t\t<\/div>\n\t\t<\/div>\n\t\t\t\t\t<\/div>\n\t\t<\/section>\n\t\t\t\t<section class=\"elementor-section elementor-top-section elementor-element elementor-element-46ab49a elementor-section-boxed elementor-section-height-default elementor-section-height-default\" data-id=\"46ab49a\" data-element_type=\"section\" data-settings=\"{&quot;background_background&quot;:&quot;classic&quot;}\">\n\t\t\t\t\t\t<div class=\"elementor-container elementor-column-gap-default\">\n\t\t\t\t\t<div class=\"elementor-column elementor-col-100 elementor-top-column elementor-element elementor-element-49bbf46\" data-id=\"49bbf46\" data-element_type=\"column\">\n\t\t\t<div class=\"elementor-widget-wrap elementor-element-populated\">\n\t\t\t\t\t\t<div class=\"elementor-element elementor-element-d42e41b elementor-align-center elementor-widget elementor-widget-button\" data-id=\"d42e41b\" data-element_type=\"widget\" data-widget_type=\"button.default\">\n\t\t\t\t<div class=\"elementor-widget-container\">\n\t\t\t\t\t\t\t\t\t<div class=\"elementor-button-wrapper\">\n\t\t\t\t\t<a class=\"elementor-button elementor-button-link elementor-size-lg\" href=\"https:\/\/lqs.fr\/contact\/\">\n\t\t\t\t\t\t<span class=\"elementor-button-content-wrapper\">\n\t\t\t\t\t\t\t\t\t<span class=\"elementor-button-text\">Contactez-nous<\/span>\n\t\t\t\t\t<\/span>\n\t\t\t\t\t<\/a>\n\t\t\t\t<\/div>\n\t\t\t\t\t\t\t\t<\/div>\n\t\t\t\t<\/div>\n\t\t\t\t\t<\/div>\n\t\t<\/div>\n\t\t\t\t\t<\/div>\n\t\t<\/section>\n\t\t\t\t<\/div>\n\t\t","protected":false},"excerpt":{"rendered":"<p>La certification : bien plus qu\u2019un m\u00e9tier, une vocation depuis 20 ans. Label Qualit\u00e9 Syst\u00e8me certifie les syst\u00e8mes de management en v\u00e9rifiant la conformit\u00e9 \u00e0<\/p>\n","protected":false},"author":1,"featured_media":0,"parent":0,"menu_order":0,"comment_status":"closed","ping_status":"closed","template":"elementor_header_footer","meta":{"footnotes":""},"yoast_head":"<!-- This site is optimized with the Yoast SEO plugin v23.5 - https:\/\/yoast.com\/wordpress\/plugins\/seo\/ -->\n<title>Label qualit\u00e9 syst\u00e8me - Audit certification iso 9001 France et International<\/title>\n<meta name=\"description\" content=\"Label Qualit\u00e9 Syst\u00e8me : Audits de certification iso 9001 en France et \u00e0 l&#039;international. Marquage CE, Certification Produits et Halal, et Formations\" \/>\n<meta name=\"robots\" content=\"index, follow, max-snippet:-1, max-image-preview:large, max-video-preview:-1\" \/>\n<link rel=\"canonical\" href=\"https:\/\/lqs.fr\/nos-services\/\" \/>\n<meta property=\"og:locale\" content=\"fr_FR\" \/>\n<meta property=\"og:type\" content=\"article\" \/>\n<meta property=\"og:title\" content=\"Label qualit\u00e9 syst\u00e8me - Audit certification iso 9001 France et International\" \/>\n<meta property=\"og:description\" content=\"Label Qualit\u00e9 Syst\u00e8me : Audits de certification iso 9001 en France et \u00e0 l&#039;international. Marquage CE, Certification Produits et Halal, et Formations\" \/>\n<meta property=\"og:url\" content=\"https:\/\/lqs.fr\/nos-services\/\" \/>\n<meta property=\"og:site_name\" content=\"Label Qualit\u00e9 Syst\u00e8me\" \/>\n<meta property=\"article:modified_time\" content=\"2025-04-08T06:23:06+00:00\" \/>\n<meta name=\"twitter:card\" content=\"summary_large_image\" \/>\n<meta name=\"twitter:label1\" content=\"Dur\u00e9e de lecture estim\u00e9e\" \/>\n\t<meta name=\"twitter:data1\" content=\"1 minute\" \/>\n<script type=\"application\/ld+json\" class=\"yoast-schema-graph\">{\"@context\":\"https:\/\/schema.org\",\"@graph\":[{\"@type\":\"WebPage\",\"@id\":\"https:\/\/lqs.fr\/nos-services\/\",\"url\":\"https:\/\/lqs.fr\/nos-services\/\",\"name\":\"Label qualit\u00e9 syst\u00e8me - Audit certification iso 9001 France et International\",\"isPartOf\":{\"@id\":\"https:\/\/lqs.fr\/en\/#website\"},\"datePublished\":\"2018-11-28T19:14:44+00:00\",\"dateModified\":\"2025-04-08T06:23:06+00:00\",\"description\":\"Label Qualit\u00e9 Syst\u00e8me : Audits de certification iso 9001 en France et \u00e0 l'international. Marquage CE, Certification Produits et Halal, et Formations\",\"breadcrumb\":{\"@id\":\"https:\/\/lqs.fr\/nos-services\/#breadcrumb\"},\"inLanguage\":\"fr-FR\",\"potentialAction\":[{\"@type\":\"ReadAction\",\"target\":[\"https:\/\/lqs.fr\/nos-services\/\"]}]},{\"@type\":\"BreadcrumbList\",\"@id\":\"https:\/\/lqs.fr\/nos-services\/#breadcrumb\",\"itemListElement\":[{\"@type\":\"ListItem\",\"position\":1,\"name\":\"Accueil\",\"item\":\"https:\/\/lqs.fr\/\"},{\"@type\":\"ListItem\",\"position\":2,\"name\":\"Nos Services\"}]},{\"@type\":\"WebSite\",\"@id\":\"https:\/\/lqs.fr\/en\/#website\",\"url\":\"https:\/\/lqs.fr\/en\/\",\"name\":\"Label Qualit\u00e9 Syst\u00e8me\",\"description\":\"Organisme de certification ISO 9001 fran\u00e7ais accr\u00e9dit\u00e9 COFRAC\",\"publisher\":{\"@id\":\"https:\/\/lqs.fr\/en\/#organization\"},\"potentialAction\":[{\"@type\":\"SearchAction\",\"target\":{\"@type\":\"EntryPoint\",\"urlTemplate\":\"https:\/\/lqs.fr\/en\/?s={search_term_string}\"},\"query-input\":{\"@type\":\"PropertyValueSpecification\",\"valueRequired\":true,\"valueName\":\"search_term_string\"}}],\"inLanguage\":\"fr-FR\"},{\"@type\":\"Organization\",\"@id\":\"https:\/\/lqs.fr\/en\/#organization\",\"name\":\"Label Qualit\u00e9 Syst\u00e8me\",\"url\":\"https:\/\/lqs.fr\/en\/\",\"logo\":{\"@type\":\"ImageObject\",\"inLanguage\":\"fr-FR\",\"@id\":\"https:\/\/lqs.fr\/en\/#\/schema\/logo\/image\/\",\"url\":\"https:\/\/lqs.fr\/wp-content\/uploads\/2018\/11\/lqs-LOGO.png\",\"contentUrl\":\"https:\/\/lqs.fr\/wp-content\/uploads\/2018\/11\/lqs-LOGO.png\",\"width\":591,\"height\":222,\"caption\":\"Label Qualit\u00e9 Syst\u00e8me\"},\"image\":{\"@id\":\"https:\/\/lqs.fr\/en\/#\/schema\/logo\/image\/\"}}]}<\/script>\n<!-- \/ Yoast SEO plugin. -->","yoast_head_json":{"title":"Label qualit\u00e9 syst\u00e8me - Audit certification iso 9001 France et International","description":"Label Qualit\u00e9 Syst\u00e8me : Audits de certification iso 9001 en France et \u00e0 l'international. Marquage CE, Certification Produits et Halal, et Formations","robots":{"index":"index","follow":"follow","max-snippet":"max-snippet:-1","max-image-preview":"max-image-preview:large","max-video-preview":"max-video-preview:-1"},"canonical":"https:\/\/lqs.fr\/nos-services\/","og_locale":"fr_FR","og_type":"article","og_title":"Label qualit\u00e9 syst\u00e8me - Audit certification iso 9001 France et International","og_description":"Label Qualit\u00e9 Syst\u00e8me : Audits de certification iso 9001 en France et \u00e0 l'international. Marquage CE, Certification Produits et Halal, et Formations","og_url":"https:\/\/lqs.fr\/nos-services\/","og_site_name":"Label Qualit\u00e9 Syst\u00e8me","article_modified_time":"2025-04-08T06:23:06+00:00","twitter_card":"summary_large_image","twitter_misc":{"Dur\u00e9e de lecture estim\u00e9e":"1 minute"},"schema":{"@context":"https:\/\/schema.org","@graph":[{"@type":"WebPage","@id":"https:\/\/lqs.fr\/nos-services\/","url":"https:\/\/lqs.fr\/nos-services\/","name":"Label qualit\u00e9 syst\u00e8me - Audit certification iso 9001 France et International","isPartOf":{"@id":"https:\/\/lqs.fr\/en\/#website"},"datePublished":"2018-11-28T19:14:44+00:00","dateModified":"2025-04-08T06:23:06+00:00","description":"Label Qualit\u00e9 Syst\u00e8me : Audits de certification iso 9001 en France et \u00e0 l'international. Marquage CE, Certification Produits et Halal, et Formations","breadcrumb":{"@id":"https:\/\/lqs.fr\/nos-services\/#breadcrumb"},"inLanguage":"fr-FR","potentialAction":[{"@type":"ReadAction","target":["https:\/\/lqs.fr\/nos-services\/"]}]},{"@type":"BreadcrumbList","@id":"https:\/\/lqs.fr\/nos-services\/#breadcrumb","itemListElement":[{"@type":"ListItem","position":1,"name":"Accueil","item":"https:\/\/lqs.fr\/"},{"@type":"ListItem","position":2,"name":"Nos Services"}]},{"@type":"WebSite","@id":"https:\/\/lqs.fr\/en\/#website","url":"https:\/\/lqs.fr\/en\/","name":"Label Qualit\u00e9 Syst\u00e8me","description":"Organisme de certification ISO 9001 fran\u00e7ais accr\u00e9dit\u00e9 COFRAC","publisher":{"@id":"https:\/\/lqs.fr\/en\/#organization"},"potentialAction":[{"@type":"SearchAction","target":{"@type":"EntryPoint","urlTemplate":"https:\/\/lqs.fr\/en\/?s={search_term_string}"},"query-input":{"@type":"PropertyValueSpecification","valueRequired":true,"valueName":"search_term_string"}}],"inLanguage":"fr-FR"},{"@type":"Organization","@id":"https:\/\/lqs.fr\/en\/#organization","name":"Label Qualit\u00e9 Syst\u00e8me","url":"https:\/\/lqs.fr\/en\/","logo":{"@type":"ImageObject","inLanguage":"fr-FR","@id":"https:\/\/lqs.fr\/en\/#\/schema\/logo\/image\/","url":"https:\/\/lqs.fr\/wp-content\/uploads\/2018\/11\/lqs-LOGO.png","contentUrl":"https:\/\/lqs.fr\/wp-content\/uploads\/2018\/11\/lqs-LOGO.png","width":591,"height":222,"caption":"Label Qualit\u00e9 Syst\u00e8me"},"image":{"@id":"https:\/\/lqs.fr\/en\/#\/schema\/logo\/image\/"}}]}},"_links":{"self":[{"href":"https:\/\/lqs.fr\/wp-json\/wp\/v2\/pages\/25"}],"collection":[{"href":"https:\/\/lqs.fr\/wp-json\/wp\/v2\/pages"}],"about":[{"href":"https:\/\/lqs.fr\/wp-json\/wp\/v2\/types\/page"}],"author":[{"embeddable":true,"href":"https:\/\/lqs.fr\/wp-json\/wp\/v2\/users\/1"}],"replies":[{"embeddable":true,"href":"https:\/\/lqs.fr\/wp-json\/wp\/v2\/comments?post=25"}],"version-history":[{"count":20,"href":"https:\/\/lqs.fr\/wp-json\/wp\/v2\/pages\/25\/revisions"}],"predecessor-version":[{"id":1951,"href":"https:\/\/lqs.fr\/wp-json\/wp\/v2\/pages\/25\/revisions\/1951"}],"wp:attachment":[{"href":"https:\/\/lqs.fr\/wp-json\/wp\/v2\/media?parent=25"}],"curies":[{"name":"wp","href":"https:\/\/api.w.org\/{rel}","templated":true}]}}